{"id":767,"date":"2018-08-30T12:48:58","date_gmt":"2018-08-30T15:48:58","guid":{"rendered":"https:\/\/ensvtotoral-cba.infd.edu.ar\/sitio\/plan-de-estudios-3\/"},"modified":"2022-10-24T00:29:09","modified_gmt":"2022-10-24T03:29:09","slug":"plan-de-estudios-3","status":"publish","type":"page","link":"https:\/\/ensvtotoral-cba.infd.edu.ar\/sitio\/plan-de-estudios-3\/","title":{"rendered":"Plan de Estudios"},"content":{"rendered":"<p style=\"text-align: center;\"><span style=\"font-family: verdana,geneva; font-size: 10pt;\"><br \/>\n<\/span><\/p>\n<table border=\"1\" width=\"100%\" cellspacing=\"0\" cellpadding=\"0\">\n<tbody>\n<tr>\n<td width=\"55%\"><span style=\"color: #800000; font-size: 10pt;\"><strong>Primer a\u00f1o<\/strong><\/span><\/td>\n<td width=\"17%\"><span style=\"color: #800000; font-size: 10pt;\"><strong>Asignatura<\/strong><\/span><\/td>\n<td width=\"9%\"><span style=\"color: #800000; font-size: 10pt;\"><strong>\u00a0<\/strong><\/span><span style=\"color: #800000; font-size: 10pt;\"><strong>Taller<\/strong><\/span><\/td>\n<td width=\"16%\"><span style=\"color: #800000; font-size: 10pt;\"><strong>\u00a0<\/strong><\/span><span style=\"color: #800000; font-size: 10pt;\"><strong>Seminario<\/strong><\/span><\/td>\n<\/tr>\n<tr>\n<td width=\"55%\">Pedagog\u00eda<\/td>\n<td width=\"17%\">*4 hs. c\u00e1tedra semanales<\/td>\n<td width=\"9%\"><\/td>\n<td width=\"16%\"><\/td>\n<\/tr>\n<tr>\n<td width=\"55%\">Problem\u00e1ticas Socioantropol\u00f3gicas en Educaci\u00f3n<\/td>\n<td width=\"17%\"><\/td>\n<td width=\"9%\"><\/td>\n<td width=\"16%\">*3 hs. c\u00e1tedra semanales<\/td>\n<\/tr>\n<tr>\n<td width=\"55%\">Psicolog\u00eda y Educaci\u00f3n<\/td>\n<td width=\"17%\">*4 hs. c\u00e1tedra semanales<\/td>\n<td width=\"9%\"><\/td>\n<td width=\"16%\"><\/td>\n<\/tr>\n<tr>\n<td width=\"55%\">Argentina en el Mundo Contempor\u00e1neo<\/td>\n<td width=\"17%\">*3 hs. c\u00e1tedra semanales<\/td>\n<td width=\"9%\"><\/td>\n<td width=\"16%\"><\/td>\n<\/tr>\n<tr>\n<td width=\"55%\">Lenguaje Digital y Audiovisual<\/td>\n<td width=\"17%\"><\/td>\n<td width=\"9%\">*2 hs. c\u00e1tedra semanales<\/td>\n<td width=\"16%\"><\/td>\n<\/tr>\n<tr>\n<td width=\"55%\">Lenguaje Corporal<\/td>\n<td width=\"17%\"><\/td>\n<td width=\"9%\">*2 hs. c\u00e1tedra semanales<\/td>\n<td width=\"16%\"><\/td>\n<\/tr>\n<tr>\n<td width=\"55%\">Pr\u00e1ctica Docente I:<\/p>\n<p>Contextos y Pr\u00e1cticas Educativas<\/td>\n<td width=\"17%\"><\/td>\n<td width=\"9%\">*4 hs. c\u00e1tedra semanales<\/td>\n<td width=\"16%\">*<\/td>\n<\/tr>\n<tr>\n<td width=\"55%\">Desarrollo del Pensamiento Matem\u00e1tico<\/td>\n<td width=\"17%\">*3 hs. c\u00e1tedra semanales<\/td>\n<td width=\"9%\"><\/td>\n<td width=\"16%\"><\/td>\n<\/tr>\n<tr>\n<td width=\"55%\">Oralidad, Lectura y Escritura<\/td>\n<td width=\"17%\"><\/td>\n<td width=\"9%\">*3 hs. c\u00e1tedra semanales<\/td>\n<td width=\"16%\"><\/td>\n<\/tr>\n<tr>\n<td width=\"55%\"><strong>\u00a0<\/strong><\/p>\n<p><span style=\"color: #800000; font-size: 10pt;\"><strong>Segundo a\u00f1o<\/strong><\/span><\/td>\n<td width=\"17%\"><span style=\"color: #800000; font-size: 10pt;\"><strong>\u00a0<\/strong><\/span><\/p>\n<p><span style=\"color: #800000; font-size: 10pt;\"><strong>Asignatura<\/strong><\/span><\/td>\n<td width=\"9%\"><span style=\"color: #800000; font-size: 10pt;\"><strong>\u00a0<\/strong><\/span><\/p>\n<p><span style=\"color: #800000; font-size: 10pt;\"><strong>Taller<\/strong><\/span><\/td>\n<td width=\"16%\"><span style=\"color: #800000; font-size: 10pt;\"><strong>\u00a0<\/strong><\/span><\/p>\n<p><span style=\"color: #800000; font-size: 10pt;\"><strong>Seminario<\/strong><\/span><\/td>\n<\/tr>\n<tr>\n<td width=\"55%\">Filosof\u00eda y Educaci\u00f3n<\/td>\n<td width=\"17%\">*3 hs. c\u00e1tedra semanales<\/td>\n<td width=\"9%\"><\/td>\n<td width=\"16%\"><\/td>\n<\/tr>\n<tr>\n<td width=\"55%\">Did\u00e1ctica General<\/td>\n<td width=\"17%\">*3 hs. c\u00e1tedra semanales<\/td>\n<td width=\"9%\"><\/td>\n<td width=\"16%\"><\/td>\n<\/tr>\n<tr>\n<td width=\"55%\">Lenguaje Art\u00edstico Expresivo<\/td>\n<td width=\"17%\"><\/td>\n<td width=\"9%\">*2 hs. c\u00e1tedra semanales<\/td>\n<td width=\"16%\"><\/td>\n<\/tr>\n<tr>\n<td width=\"55%\">Pr\u00e1ctica Docente II:<\/p>\n<p>Escuelas, Historias Documentadas y Cotidianeidad<\/td>\n<td width=\"17%\"><\/td>\n<td width=\"9%\">*4 hs. c\u00e1tedra semanales<\/td>\n<td width=\"16%\">*<\/td>\n<\/tr>\n<tr>\n<td width=\"55%\">Matem\u00e1tica y su Did\u00e1ctica I<\/td>\n<td width=\"17%\">*4 hs. c\u00e1tedra semanales<\/td>\n<td width=\"9%\"><\/td>\n<td width=\"16%\"><\/td>\n<\/tr>\n<tr>\n<td width=\"55%\">Lengua y su Did\u00e1ctica<\/td>\n<td width=\"17%\">*3 hs. c\u00e1tedra semanales<\/td>\n<td width=\"9%\"><\/td>\n<td width=\"16%\"><\/td>\n<\/tr>\n<tr>\n<td width=\"55%\">Ciencias Naturales y su Did\u00e1ctica<\/td>\n<td width=\"17%\">*4 hs. c\u00e1tedra semanales<\/td>\n<td width=\"9%\"><\/td>\n<td width=\"16%\"><\/td>\n<\/tr>\n<tr>\n<td width=\"55%\">Ciencias Sociales y su Did\u00e1ctica<\/td>\n<td width=\"17%\">*4 hs. c\u00e1tedra semanales<\/td>\n<td width=\"9%\"><\/td>\n<td width=\"16%\"><\/td>\n<\/tr>\n<tr>\n<td width=\"55%\">Sujetos de la Educaci\u00f3n y Convivencia Escolar<\/td>\n<td width=\"17%\"><\/td>\n<td width=\"9%\"><\/td>\n<td width=\"16%\">*3 hs. c\u00e1tedra semanales<\/td>\n<\/tr>\n<tr>\n<td width=\"55%\"><span style=\"color: #800000; font-size: 10pt;\">\u00a0<\/span><\/p>\n<p><span style=\"color: #800000; font-size: 10pt;\"><strong>Tercer A\u00f1o<\/strong><\/span><\/td>\n<td width=\"17%\"><span style=\"color: #800000; font-size: 10pt;\"><strong>\u00a0<\/strong><\/span><\/p>\n<p><span style=\"color: #800000; font-size: 10pt;\"><strong>Asignatura<\/strong><\/span><\/td>\n<td width=\"9%\"><span style=\"color: #800000; font-size: 10pt;\"><strong>\u00a0<\/strong><\/span><\/p>\n<p><span style=\"color: #800000; font-size: 10pt;\"><strong>Taller<\/strong><\/span><\/td>\n<td width=\"16%\"><span style=\"color: #800000; font-size: 10pt;\"><strong>\u00a0<\/strong><\/span><\/p>\n<p><span style=\"color: #800000; font-size: 10pt;\"><strong>Seminario<\/strong><\/span><\/td>\n<\/tr>\n<tr>\n<td width=\"55%\">Historia y Pol\u00edtica de la Educaci\u00f3n Argentina<\/td>\n<td width=\"17%\">*3 hs. c\u00e1tedra semanales<\/td>\n<td width=\"9%\"><\/td>\n<td width=\"16%\"><\/td>\n<\/tr>\n<tr>\n<td width=\"55%\">Pr\u00e1ctica Docente III:<\/p>\n<p>El Aula, espacio del aprender y del ense\u00f1ar<\/td>\n<td width=\"17%\"><\/td>\n<td width=\"9%\">*6 hs. c\u00e1tedra semanales<\/td>\n<td width=\"16%\">*<\/td>\n<\/tr>\n<tr>\n<td width=\"55%\">Matem\u00e1tica y su Did\u00e1ctica II<\/td>\n<td width=\"17%\">*3 hs. c\u00e1tedra semanales<\/td>\n<td width=\"9%\"><\/td>\n<td width=\"16%\"><\/td>\n<\/tr>\n<tr>\n<td width=\"55%\">Literatura en el Nivel Primario<\/td>\n<td width=\"17%\">*3 hs. c\u00e1tedra semanales<\/td>\n<td width=\"9%\"><\/td>\n<td width=\"16%\"><\/td>\n<\/tr>\n<tr>\n<td width=\"55%\">Alfabetizaci\u00f3n Inicial<\/td>\n<td width=\"17%\"><\/td>\n<td width=\"9%\"><\/td>\n<td width=\"16%\">*2 hs. c\u00e1tedra semanales<\/td>\n<\/tr>\n<tr>\n<td width=\"55%\">Ciencias Naturales y su Did\u00e1ctica II<\/td>\n<td width=\"17%\">*4 hs. c\u00e1tedra semanales<\/td>\n<td width=\"9%\"><\/td>\n<td width=\"16%\"><\/td>\n<\/tr>\n<tr>\n<td width=\"55%\">Taller de Ciencias en la Escuela<\/td>\n<td width=\"17%\"><\/td>\n<td width=\"9%\">*1 hs. c\u00e1tedra semanales<\/td>\n<td width=\"16%\"><\/td>\n<\/tr>\n<tr>\n<td width=\"55%\">Ciencias Sociales y su Did\u00e1ctica II<\/td>\n<td width=\"17%\">*4 hs. c\u00e1tedra semanales<\/td>\n<td width=\"9%\"><\/td>\n<td width=\"16%\"><\/td>\n<\/tr>\n<tr>\n<td width=\"55%\">Educaci\u00f3n Art\u00edstico Expresiva<\/td>\n<td width=\"17%\"><\/td>\n<td width=\"9%\"><\/td>\n<td width=\"16%\">*2 hs. c\u00e1tedra semanales<\/td>\n<\/tr>\n<tr>\n<td width=\"55%\">TIC y la Ense\u00f1anza en el Nivel Primario<\/td>\n<td width=\"17%\"><\/td>\n<td width=\"9%\"><\/td>\n<td width=\"16%\">*2 hs. c\u00e1tedra semanales<\/td>\n<\/tr>\n<tr>\n<td width=\"55%\"><span style=\"color: #800000; font-size: 10pt;\">\u00a0<\/span><\/p>\n<p><span style=\"color: #800000; font-size: 10pt;\"><strong>Cuarto A\u00f1o<\/strong><\/span><\/td>\n<td width=\"17%\"><span style=\"color: #800000; font-size: 10pt;\"><strong>\u00a0<\/strong><\/span><\/p>\n<p><span style=\"color: #800000; font-size: 10pt;\"><strong>Asignatura<\/strong><\/span><\/td>\n<td width=\"9%\"><span style=\"color: #800000; font-size: 10pt;\"><strong>\u00a0<\/strong><\/span><\/p>\n<p><span style=\"color: #800000; font-size: 10pt;\"><strong>Taller<\/strong><\/span><\/td>\n<td width=\"16%\"><span style=\"color: #800000; font-size: 10pt;\">\u00a0<\/span><\/p>\n<p><span style=\"color: #800000; font-size: 10pt;\"><strong>Seminario<\/strong><\/span><\/td>\n<\/tr>\n<tr>\n<td width=\"55%\">\u00c9tica y Construcci\u00f3n de Ciudadan\u00eda<\/td>\n<td width=\"17%\">*3 hs. c\u00e1tedra semanales<\/td>\n<td width=\"9%\"><\/td>\n<td width=\"16%\"><\/td>\n<\/tr>\n<tr>\n<td width=\"55%\">Pr\u00e1ctica Docente IV y Residencia:<\/p>\n<p>Recrear las pr\u00e1cticas docentes<\/td>\n<td width=\"17%\">*10 hs. c\u00e1tedra semanales<\/td>\n<td width=\"9%\"><\/td>\n<td width=\"16%\">*<\/p>\n<p>Ateneos y Tutor\u00edas<\/td>\n<\/tr>\n<tr>\n<td width=\"55%\">Problem\u00e1ticas y desaf\u00edos del Nivel Primario<\/td>\n<td width=\"17%\"><\/td>\n<td width=\"9%\"><\/td>\n<td width=\"16%\">*3 hs. c\u00e1tedra semanales<\/td>\n<\/tr>\n<tr>\n<td width=\"55%\">Educaci\u00f3n F\u00edsica en el Nivel Primario<\/td>\n<td width=\"17%\"><\/td>\n<td width=\"9%\"><\/td>\n<td width=\"16%\">*2 hs. c\u00e1tedra semanales<\/td>\n<\/tr>\n<tr>\n<td width=\"55%\">Educaci\u00f3n Sexual Integral<\/td>\n<td width=\"17%\"><\/td>\n<td width=\"9%\"><\/td>\n<td width=\"16%\">*2 hs. c\u00e1tedra semanales<\/td>\n<\/tr>\n<\/tbody>\n<\/table>\n<p><span style=\"color: #800000;\"><strong>R\u00c9GIMEN DE CORRELATIVIDADES<\/strong><\/span><\/p>\n<table border=\"1\" cellspacing=\"0\" cellpadding=\"0\">\n<tbody>\n<tr>\n<td valign=\"top\" width=\"288\"><strong>UNIDAD CURRICULAR <\/strong><strong>\u00a0<\/strong><\/td>\n<td valign=\"top\" width=\"288\"><strong>UNIDAD<\/strong> <strong>CURRICULAR CORRELATIVA<\/strong><\/td>\n<\/tr>\n<tr>\n<td valign=\"top\" width=\"288\">Did\u00e1ctica General<\/td>\n<td valign=\"top\" width=\"288\">Regularizadas: Pedagog\u00eda y Psicolog\u00eda y Educaci\u00f3n<\/td>\n<\/tr>\n<tr>\n<td valign=\"top\" width=\"288\">Historia y Pol\u00edtica de la Educaci\u00f3n Argentina.<\/td>\n<td valign=\"top\" width=\"288\">Regularizada: Pedagog\u00eda<\/td>\n<\/tr>\n<tr>\n<td valign=\"top\" width=\"288\">Sujetos de la Educaci\u00f3n y Convivencia Escolar<\/td>\n<td valign=\"top\" width=\"288\">Regularizada: Psicolog\u00eda y Educaci\u00f3n<\/td>\n<\/tr>\n<tr>\n<td valign=\"top\" width=\"288\">Matem\u00e1tica y su Did\u00e1ctica I<\/td>\n<td valign=\"top\" width=\"288\">Regularizada: Desarrollo del Pensamiento Matem\u00e1tico<\/td>\n<\/tr>\n<tr>\n<td valign=\"top\" width=\"288\">Matem\u00e1tica y su Did\u00e1ctica II<\/td>\n<td valign=\"top\" width=\"288\">Regularizada: Matem\u00e1tica y su Did\u00e1ctica I<\/td>\n<\/tr>\n<tr>\n<td valign=\"top\" width=\"288\">Lengua y su Did\u00e1ctica I<\/td>\n<td valign=\"top\" width=\"288\">Cursado: Oralidad, Lectura y Escritura<\/td>\n<\/tr>\n<tr>\n<td valign=\"top\" width=\"288\">Alfabetizaci\u00f3n Inicial<\/td>\n<td valign=\"top\" width=\"288\">Regularizada: Lengua y su Did\u00e1ctica I<\/td>\n<\/tr>\n<tr>\n<td valign=\"top\" width=\"288\">Ciencias Sociales y su Did\u00e1ctica II<\/td>\n<td valign=\"top\" width=\"288\">Regularizada: Ciencias Sociales y su Did\u00e1ctica I<\/td>\n<\/tr>\n<tr>\n<td valign=\"top\" width=\"288\">Ciencias Naturales y su Did\u00e1ctica II<\/td>\n<td valign=\"top\" width=\"288\">Regularizada: Ciencias Naturales y su Did\u00e1ctica I<\/td>\n<\/tr>\n<tr>\n<td valign=\"top\" width=\"288\">Pr\u00e1ctica Docente II:Escuelas, Historias Documentadas y Cotidianeidad.<\/td>\n<td valign=\"top\" width=\"288\">Regularizada: Pr\u00e1ctica Docente IProblem\u00e1ticas Socioantropol\u00f3gicas en Educaci\u00f3n.<\/td>\n<\/tr>\n<tr>\n<td valign=\"top\" width=\"288\">Pr\u00e1ctica Docente III: El Aula, Espacio del Ense\u00f1ar y delAprender<\/td>\n<td valign=\"top\" width=\"288\">Regularizadas: Pr\u00e1ctica Docente IIDid\u00e1ctica GeneralDos de las Did\u00e1cticas espec\u00edficas.<\/td>\n<\/tr>\n<tr>\n<td valign=\"top\" width=\"288\">Pr\u00e1ctica Docente IV y Residencia:Recrear las Pr\u00e1cticas Docentes.<\/td>\n<td valign=\"top\" width=\"288\">Aprobadas: Pr\u00e1ctica Docente III y todas las Did\u00e1cticasespec\u00edficas de 2\u00aa a\u00f1o, y al menos dos de las Did\u00e1cticasespec\u00edficas de 3\u00ba a\u00f1o, incluido el seminario deAlfabetizaci\u00f3n Inicial.Regularizadas: las otras dos Did\u00e1cticas espec\u00edficas de 3\u00ba a\u00f1o.<\/td>\n<\/tr>\n<\/tbody>\n<\/table>\n","protected":false},"excerpt":{"rendered":"<p>Primer a\u00f1o Asignatura \u00a0Taller \u00a0Seminario Pedagog\u00eda *4 hs. c\u00e1tedra semanales Problem\u00e1ticas Socioantropol\u00f3gicas en Educaci\u00f3n *3 hs. c\u00e1tedra semanales Psicolog\u00eda y Educaci\u00f3n *4 hs. c\u00e1tedra semanales Argentina en el Mundo Contempor\u00e1neo *3 hs. c\u00e1tedra semanales Lenguaje Digital y Audiovisual *2 hs. c\u00e1tedra semanales Lenguaje Corporal *2 hs. c\u00e1tedra semanales Pr\u00e1ctica Docente I: Contextos y Pr\u00e1cticas Educativas &#8230; <a title=\"Plan de Estudios\" class=\"read-more\" href=\"https:\/\/ensvtotoral-cba.infd.edu.ar\/sitio\/plan-de-estudios-3\/\" aria-label=\"More on Plan de Estudios\">[+]<\/a><\/p>\n","protected":false},"author":7,"featured_media":0,"parent":0,"menu_order":0,"comment_status":"closed","ping_status":"closed","template":"","meta":[],"acf":[],"_links":{"self":[{"href":"https:\/\/ensvtotoral-cba.infd.edu.ar\/sitio\/wp-json\/wp\/v2\/pages\/767"}],"collection":[{"href":"https:\/\/ensvtotoral-cba.infd.edu.ar\/sitio\/wp-json\/wp\/v2\/pages"}],"about":[{"href":"https:\/\/ensvtotoral-cba.infd.edu.ar\/sitio\/wp-json\/wp\/v2\/types\/page"}],"author":[{"embeddable":true,"href":"https:\/\/ensvtotoral-cba.infd.edu.ar\/sitio\/wp-json\/wp\/v2\/users\/7"}],"replies":[{"embeddable":true,"href":"https:\/\/ensvtotoral-cba.infd.edu.ar\/sitio\/wp-json\/wp\/v2\/comments?post=767"}],"version-history":[{"count":1,"href":"https:\/\/ensvtotoral-cba.infd.edu.ar\/sitio\/wp-json\/wp\/v2\/pages\/767\/revisions"}],"predecessor-version":[{"id":971,"href":"https:\/\/ensvtotoral-cba.infd.edu.ar\/sitio\/wp-json\/wp\/v2\/pages\/767\/revisions\/971"}],"wp:attachment":[{"href":"https:\/\/ensvtotoral-cba.infd.edu.ar\/sitio\/wp-json\/wp\/v2\/media?parent=767"}],"curies":[{"name":"wp","href":"https:\/\/api.w.org\/{rel}","templated":true}]}}